{"id":303,"date":"2023-04-12T16:49:44","date_gmt":"2023-04-12T16:49:44","guid":{"rendered":"https:\/\/www.enetsa.ro\/?page_id=303"},"modified":"2023-04-12T17:43:46","modified_gmt":"2023-04-12T17:43:46","slug":"esalonari-debite-si-incasari","status":"publish","type":"page","link":"https:\/\/www.enetsa.ro\/index.php\/esalonari-debite-si-incasari\/","title":{"rendered":"E\u0219alon\u0103ri debite \u0219i \u00eencas\u0103ri"},"content":{"rendered":"\t\t<div data-elementor-type=\"wp-page\" data-elementor-id=\"303\" class=\"elementor elementor-303\">\n\t\t\t\t\t\t\t\t\t<section class=\"elementor-section elementor-top-section elementor-element elementor-element-6d0cb11 elementor-section-boxed elementor-section-height-default elementor-section-height-default\" data-id=\"6d0cb11\" data-element_type=\"section\">\n\t\t\t\t\t\t<div class=\"elementor-container elementor-column-gap-default\">\n\t\t\t\t\t<div class=\"elementor-column elementor-col-100 elementor-top-column elementor-element elementor-element-d117b7c\" data-id=\"d117b7c\" data-element_type=\"column\">\n\t\t\t<div class=\"elementor-widget-wrap elementor-element-populated\">\n\t\t\t\t\t\t\t\t<div class=\"elementor-element elementor-element-5b520f5 elementor-widget elementor-widget-heading\" data-id=\"5b520f5\" data-element_type=\"widget\" data-widget_type=\"heading.default\">\n\t\t\t\t<div class=\"elementor-widget-container\">\n\t\t\t<style>\/*! elementor - v3.12.1 - 02-04-2023 *\/\n.elementor-heading-title{padding:0;margin:0;line-height:1}.elementor-widget-heading .elementor-heading-title[class*=elementor-size-]>a{color:inherit;font-size:inherit;line-height:inherit}.elementor-widget-heading .elementor-heading-title.elementor-size-small{font-size:15px}.elementor-widget-heading .elementor-heading-title.elementor-size-medium{font-size:19px}.elementor-widget-heading .elementor-heading-title.elementor-size-large{font-size:29px}.elementor-widget-heading .elementor-heading-title.elementor-size-xl{font-size:39px}.elementor-widget-heading .elementor-heading-title.elementor-size-xxl{font-size:59px}<\/style><h2 class=\"elementor-heading-title elementor-size-default\">E\u0219alon\u0103ri debite \u0219i \u00eencas\u0103ri<\/h2>\t\t<\/div>\n\t\t\t\t<\/div>\n\t\t\t\t\t<\/div>\n\t\t<\/div>\n\t\t\t\t\t\t\t<\/div>\n\t\t<\/section>\n\t\t\t\t<section class=\"elementor-section elementor-top-section elementor-element elementor-element-298a959 elementor-section-boxed elementor-section-height-default elementor-section-height-default\" data-id=\"298a959\" data-element_type=\"section\">\n\t\t\t\t\t\t<div class=\"elementor-container elementor-column-gap-default\">\n\t\t\t\t\t<div class=\"elementor-column elementor-col-100 elementor-top-column elementor-element elementor-element-88c8823\" data-id=\"88c8823\" data-element_type=\"column\">\n\t\t\t<div class=\"elementor-widget-wrap elementor-element-populated\">\n\t\t\t\t\t\t\t\t<div class=\"elementor-element elementor-element-33345c7 elementor-widget elementor-widget-toggle\" data-id=\"33345c7\" data-element_type=\"widget\" data-widget_type=\"toggle.default\">\n\t\t\t\t<div class=\"elementor-widget-container\">\n\t\t\t<style>\/*! elementor - v3.12.1 - 02-04-2023 *\/\n.elementor-toggle{text-align:left}.elementor-toggle .elementor-tab-title{font-weight:700;line-height:1;margin:0;padding:15px;border-bottom:1px solid #d5d8dc;cursor:pointer;outline:none}.elementor-toggle .elementor-tab-title .elementor-toggle-icon{display:inline-block;width:1em}.elementor-toggle .elementor-tab-title .elementor-toggle-icon svg{-webkit-margin-start:-5px;margin-inline-start:-5px;width:1em;height:1em}.elementor-toggle .elementor-tab-title .elementor-toggle-icon.elementor-toggle-icon-right{float:right;text-align:right}.elementor-toggle .elementor-tab-title .elementor-toggle-icon.elementor-toggle-icon-left{float:left;text-align:left}.elementor-toggle .elementor-tab-title .elementor-toggle-icon .elementor-toggle-icon-closed{display:block}.elementor-toggle .elementor-tab-title .elementor-toggle-icon .elementor-toggle-icon-opened{display:none}.elementor-toggle .elementor-tab-title.elementor-active{border-bottom:none}.elementor-toggle .elementor-tab-title.elementor-active .elementor-toggle-icon-closed{display:none}.elementor-toggle .elementor-tab-title.elementor-active .elementor-toggle-icon-opened{display:block}.elementor-toggle .elementor-tab-content{padding:15px;border-bottom:1px solid #d5d8dc;display:none}@media (max-width:767px){.elementor-toggle .elementor-tab-title{padding:12px}.elementor-toggle .elementor-tab-content{padding:12px 10px}}.e-con-inner>.elementor-widget-toggle,.e-con>.elementor-widget-toggle{width:var(--container-widget-width);--flex-grow:var(--container-widget-flex-grow)}<\/style>\t\t<div class=\"elementor-toggle\" role=\"tablist\">\n\t\t\t\t\t\t\t<div class=\"elementor-toggle-item\">\n\t\t\t\t\t<div id=\"elementor-tab-title-5361\" class=\"elementor-tab-title\" data-tab=\"1\" role=\"tab\" aria-controls=\"elementor-tab-content-5361\" aria-expanded=\"false\">\n\t\t\t\t\t\t\t\t\t\t\t\t<span class=\"elementor-toggle-icon elementor-toggle-icon-left\" aria-hidden=\"true\">\n\t\t\t\t\t\t\t\t\t\t\t\t\t\t\t<span class=\"elementor-toggle-icon-closed\"><i class=\"fas fa-caret-square-down\"><\/i><\/span>\n\t\t\t\t\t\t\t\t<span class=\"elementor-toggle-icon-opened\"><i class=\"elementor-toggle-icon-opened fas fa-caret-square-up\"><\/i><\/span>\n\t\t\t\t\t\t\t\t\t\t\t\t\t<\/span>\n\t\t\t\t\t\t\t\t\t\t\t\t<a href=\"\" class=\"elementor-toggle-title\">\u00cen ce conditii pot face o esalonare a debitului la ENET?<\/a>\n\t\t\t\t\t<\/div>\n\n\t\t\t\t\t<div id=\"elementor-tab-content-5361\" class=\"elementor-tab-content elementor-clearfix\" data-tab=\"1\" role=\"tabpanel\" aria-labelledby=\"elementor-tab-title-5361\"><p>Este necesara o cerere din partea solicitantului \u00een care acesta expune motivele pentru care s-a acumulat debitul, la care se anexeaza acte doveditoare privind situatia materiala a familiei (adeverinte de venit, cupoane de pensie, somaj, copie acte identitate coproprietari,etc), componenta familiei (certificate de nastere, adeverinte de elev, student, etc). Daca este cazul, solicitantul poate prezenta documente privind starea de sanatate a familiei (bilete de iesire din spital, diagnostice, etc.). Cererea se analizeaza de c\u0103tre conducerea ENET si, dupa caz, se poate aproba esalonarea debitului pe o anumita perioada de timp, dar nu mai mare de 24 luni. Plata esalonata a debitului nu conduce la stoparea facturarii majorarilor de \u00eent\u00e2rziere si presupune achitarea lunara a unei rate fixe,dupa achitarea cu prioritate a facturii curente,astfel incat sa nu se mai cumuleze debite noi. \u00cen cazul \u00een care cererea este aprobata, se \u00eencheie o conventie de esalonare a debitului.\u00a0Nerespectarea conventiei, prin \u00eent\u00e2rzierea la plata cu mai mult de doua luni, o anuleaza de drept si se vor continua formalitatile pentru recuperarea debitului pe cale judecatoreasca.<\/p><\/div>\n\t\t\t\t<\/div>\n\t\t\t\t\t\t\t<div class=\"elementor-toggle-item\">\n\t\t\t\t\t<div id=\"elementor-tab-title-5362\" class=\"elementor-tab-title\" data-tab=\"2\" role=\"tab\" aria-controls=\"elementor-tab-content-5362\" aria-expanded=\"false\">\n\t\t\t\t\t\t\t\t\t\t\t\t<span class=\"elementor-toggle-icon elementor-toggle-icon-left\" aria-hidden=\"true\">\n\t\t\t\t\t\t\t\t\t\t\t\t\t\t\t<span class=\"elementor-toggle-icon-closed\"><i class=\"fas fa-caret-square-down\"><\/i><\/span>\n\t\t\t\t\t\t\t\t<span class=\"elementor-toggle-icon-opened\"><i class=\"elementor-toggle-icon-opened fas fa-caret-square-up\"><\/i><\/span>\n\t\t\t\t\t\t\t\t\t\t\t\t\t<\/span>\n\t\t\t\t\t\t\t\t\t\t\t\t<a href=\"\" class=\"elementor-toggle-title\">C\u00e2nd tine Administratorul special audiente?<\/a>\n\t\t\t\t\t<\/div>\n\n\t\t\t\t\t<div id=\"elementor-tab-content-5362\" class=\"elementor-tab-content elementor-clearfix\" data-tab=\"2\" role=\"tabpanel\" aria-labelledby=\"elementor-tab-title-5362\"><p>Audientele se tin \u00een fiecare zi, cu condi\u0163ia ca solicitantul s\u0103 sune la secretariatul societ\u0103\u0163ii pentru a stabili de comun acord data \u015fi ora.<\/p><\/div>\n\t\t\t\t<\/div>\n\t\t\t\t\t\t\t<div class=\"elementor-toggle-item\">\n\t\t\t\t\t<div id=\"elementor-tab-title-5363\" class=\"elementor-tab-title\" data-tab=\"3\" role=\"tab\" aria-controls=\"elementor-tab-content-5363\" aria-expanded=\"false\">\n\t\t\t\t\t\t\t\t\t\t\t\t<span class=\"elementor-toggle-icon elementor-toggle-icon-left\" aria-hidden=\"true\">\n\t\t\t\t\t\t\t\t\t\t\t\t\t\t\t<span class=\"elementor-toggle-icon-closed\"><i class=\"fas fa-caret-square-down\"><\/i><\/span>\n\t\t\t\t\t\t\t\t<span class=\"elementor-toggle-icon-opened\"><i class=\"elementor-toggle-icon-opened fas fa-caret-square-up\"><\/i><\/span>\n\t\t\t\t\t\t\t\t\t\t\t\t\t<\/span>\n\t\t\t\t\t\t\t\t\t\t\t\t<a href=\"\" class=\"elementor-toggle-title\">Cum se pot efectua plati la ENET?<\/a>\n\t\t\t\t\t<\/div>\n\n\t\t\t\t\t<div id=\"elementor-tab-content-5363\" class=\"elementor-tab-content elementor-clearfix\" data-tab=\"3\" role=\"tabpanel\" aria-labelledby=\"elementor-tab-title-5363\"><p><span style=\"font-family: arial,helvetica,sans-serif; font-size: small;\">Plata facturilor ENET se poate face \u00een urmatoarele moduri:<\/span><\/p><ul><li><span style=\"font-family: arial,helvetica,sans-serif; font-size: small;\">la casieria societatii \u00een numerar,(sume nelimitate persoane fizice si pentru sume pana la 5.000 lei pentru asociatii)<\/span><\/li><li><span style=\"font-family: arial,helvetica,sans-serif; font-size: small;\">la casieria societatii cu POS pentru persoane fizice<\/span><\/li><li><span style=\"font-family: arial,helvetica,sans-serif; font-size: small;\">prin virament bancar (persoanele fizice care au cont \u00een banca pot \u00eencheia o conventie cu banca respectiva si ENET va trimite factura bancii, care va achita la termen conform contractului, daca ati avut grija sa virati bani \u00een cont)<\/span><\/li><li><span style=\"font-family: arial,helvetica,sans-serif; font-size: small;\">la punctele de incasare Zebra Pay -Self Pay<\/span><\/li><\/ul><\/div>\n\t\t\t\t<\/div>\n\t\t\t\t\t\t\t<div class=\"elementor-toggle-item\">\n\t\t\t\t\t<div id=\"elementor-tab-title-5364\" class=\"elementor-tab-title\" data-tab=\"4\" role=\"tab\" aria-controls=\"elementor-tab-content-5364\" aria-expanded=\"false\">\n\t\t\t\t\t\t\t\t\t\t\t\t<span class=\"elementor-toggle-icon elementor-toggle-icon-left\" aria-hidden=\"true\">\n\t\t\t\t\t\t\t\t\t\t\t\t\t\t\t<span class=\"elementor-toggle-icon-closed\"><i class=\"fas fa-caret-square-down\"><\/i><\/span>\n\t\t\t\t\t\t\t\t<span class=\"elementor-toggle-icon-opened\"><i class=\"elementor-toggle-icon-opened fas fa-caret-square-up\"><\/i><\/span>\n\t\t\t\t\t\t\t\t\t\t\t\t\t<\/span>\n\t\t\t\t\t\t\t\t\t\t\t\t<a href=\"\" class=\"elementor-toggle-title\">Care este programul casieriei?<\/a>\n\t\t\t\t\t<\/div>\n\n\t\t\t\t\t<div id=\"elementor-tab-content-5364\" class=\"elementor-tab-content elementor-clearfix\" data-tab=\"4\" role=\"tabpanel\" aria-labelledby=\"elementor-tab-title-5364\"><p><span style=\"font-family: arial,helvetica,sans-serif; font-size: small;\">Programul casieriei ENET pe perioada verii este urmatorul:<\/span><\/p><p><span style=\"font-family: arial,helvetica,sans-serif; font-size: small;\">&#8211;\u00a0\u00a0 LUNI &#8211; VINERI = \u00a08 &#8211; 18<\/span><\/p><p><span style=\"font-family: arial,helvetica,sans-serif; font-size: small;\">&#8211;\u00a0\u00a0 S\u00c2MBATA = \u00a08-13<\/span><\/p><p><span style=\"font-family: arial,helvetica,sans-serif; font-size: small;\">&#8211;\u00a0\u00a0 DUMINICA =\u00a0 \u00ceNCHIS<\/span><\/p><\/div>\n\t\t\t\t<\/div>\n\t\t\t\t\t\t\t<div class=\"elementor-toggle-item\">\n\t\t\t\t\t<div id=\"elementor-tab-title-5365\" class=\"elementor-tab-title\" data-tab=\"5\" role=\"tab\" aria-controls=\"elementor-tab-content-5365\" aria-expanded=\"false\">\n\t\t\t\t\t\t\t\t\t\t\t\t<span class=\"elementor-toggle-icon elementor-toggle-icon-left\" aria-hidden=\"true\">\n\t\t\t\t\t\t\t\t\t\t\t\t\t\t\t<span class=\"elementor-toggle-icon-closed\"><i class=\"fas fa-caret-square-down\"><\/i><\/span>\n\t\t\t\t\t\t\t\t<span class=\"elementor-toggle-icon-opened\"><i class=\"elementor-toggle-icon-opened fas fa-caret-square-up\"><\/i><\/span>\n\t\t\t\t\t\t\t\t\t\t\t\t\t<\/span>\n\t\t\t\t\t\t\t\t\t\t\t\t<a href=\"\" class=\"elementor-toggle-title\">Care este suma maxim\u0103 \u00een numerar, ce se poate achita la casierie?<\/a>\n\t\t\t\t\t<\/div>\n\n\t\t\t\t\t<div id=\"elementor-tab-content-5365\" class=\"elementor-tab-content elementor-clearfix\" data-tab=\"5\" role=\"tabpanel\" aria-labelledby=\"elementor-tab-title-5365\"><p>Persoanele fizice pot achita sume in valoare maxima de 10.000 lei \u00een numerar la casierie. Asocia\u0163iile \u015fi alte persoane juridice pot achita cu numerar cel mult 5.000 de lei, chiar \u015fi din tran\u015fe cumulate, dintr-o factur\u0103 emis\u0103 de ENET. Diferen\u0163a din factur\u0103 se poate achita prin depunerea numerarului \u00een contul ENET la Banca Transilvania , pentru care banca nu percepe comision asocia\u0163iilor sau\u00a0 din contul asocia\u0163iei \u00een contul ENET, cu ordin de plat\u0103 al asocia\u0163iei \u00een contul \u00eenscris pe factur\u0103.\u00a0 \u00a0\u00a0<\/p><\/div>\n\t\t\t\t<\/div>\n\t\t\t\t\t\t\t<div class=\"elementor-toggle-item\">\n\t\t\t\t\t<div id=\"elementor-tab-title-5366\" class=\"elementor-tab-title\" data-tab=\"6\" role=\"tab\" aria-controls=\"elementor-tab-content-5366\" aria-expanded=\"false\">\n\t\t\t\t\t\t\t\t\t\t\t\t<span class=\"elementor-toggle-icon elementor-toggle-icon-left\" aria-hidden=\"true\">\n\t\t\t\t\t\t\t\t\t\t\t\t\t\t\t<span class=\"elementor-toggle-icon-closed\"><i class=\"fas fa-caret-square-down\"><\/i><\/span>\n\t\t\t\t\t\t\t\t<span class=\"elementor-toggle-icon-opened\"><i class=\"elementor-toggle-icon-opened fas fa-caret-square-up\"><\/i><\/span>\n\t\t\t\t\t\t\t\t\t\t\t\t\t<\/span>\n\t\t\t\t\t\t\t\t\t\t\t\t<a href=\"\" class=\"elementor-toggle-title\">Care este contul ENET?<\/a>\n\t\t\t\t\t<\/div>\n\n\t\t\t\t\t<div id=\"elementor-tab-content-5366\" class=\"elementor-tab-content elementor-clearfix\" data-tab=\"6\" role=\"tabpanel\" aria-labelledby=\"elementor-tab-title-5366\"><p><span style=\"font-family: arial,helvetica,sans-serif; font-size: small;\"><strong>Contul unic al ENET este deschis la BTRL Focsani si numarul sau este urmatorul:<\/strong><\/span><strong><span style=\"font-size: small;\">\u00a0\u00a0<\/span><span style=\"font-size: small;\">\u00a0\u00a0\u00a0\u00a0\u00a0\u00a0\u00a0<\/span><span style=\"font-size: small;\">\u00a0 \u00a0 \u00a0 RO96BTRLRONCRT0V18178804<\/span><\/strong><\/p><\/div>\n\t\t\t\t<\/div>\n\t\t\t\t\t\t\t<div class=\"elementor-toggle-item\">\n\t\t\t\t\t<div id=\"elementor-tab-title-5367\" class=\"elementor-tab-title\" data-tab=\"7\" role=\"tab\" aria-controls=\"elementor-tab-content-5367\" aria-expanded=\"false\">\n\t\t\t\t\t\t\t\t\t\t\t\t<span class=\"elementor-toggle-icon elementor-toggle-icon-left\" aria-hidden=\"true\">\n\t\t\t\t\t\t\t\t\t\t\t\t\t\t\t<span class=\"elementor-toggle-icon-closed\"><i class=\"fas fa-caret-square-down\"><\/i><\/span>\n\t\t\t\t\t\t\t\t<span class=\"elementor-toggle-icon-opened\"><i class=\"elementor-toggle-icon-opened fas fa-caret-square-up\"><\/i><\/span>\n\t\t\t\t\t\t\t\t\t\t\t\t\t<\/span>\n\t\t\t\t\t\t\t\t\t\t\t\t<a href=\"\" class=\"elementor-toggle-title\">Dac\u0103 mai doresc \u015fi alte informa\u0163ii sau modele de documente, contracte etc. unde le pot g\u0103si?<\/a>\n\t\t\t\t\t<\/div>\n\n\t\t\t\t\t<div id=\"elementor-tab-content-5367\" class=\"elementor-tab-content elementor-clearfix\" data-tab=\"7\" role=\"tabpanel\" aria-labelledby=\"elementor-tab-title-5367\"><div id=\"middle_left\"><div class=\"content\"><p>Pe siteul\u00a0<a href=\"http:\/\/www.enetsa.ro\/\">www.enetsa.ro<\/a> sau la Rela\u0163ii cu Clien\u0163ii, \u00een sediul Comercial din str.Cuza Vod\u0103 nr.3, vis-a-vis de Tribunalul Vrancea, tel. 0237 612 000.\u00a0<\/p><p>\u00a0<\/p><\/div><\/div><\/div>\n\t\t\t\t<\/div>\n\t\t\t\t\t\t\t\t\t\t<script type=\"application\/ld+json\">{\"@context\":\"https:\\\/\\\/schema.org\",\"@type\":\"FAQPage\",\"mainEntity\":[{\"@type\":\"Question\",\"name\":\"\\u00cen ce conditii pot face o esalonare a debitului la ENET?\",\"acceptedAnswer\":{\"@type\":\"Answer\",\"text\":\"<p>Este necesara o cerere din partea solicitantului \\u00een care acesta expune motivele pentru care s-a acumulat debitul, la care se anexeaza acte doveditoare privind situatia materiala a familiei (adeverinte de venit, cupoane de pensie, somaj, copie acte identitate coproprietari,etc), componenta familiei (certificate de nastere, adeverinte de elev, student, etc). Daca este cazul, solicitantul poate prezenta documente privind starea de sanatate a familiei (bilete de iesire din spital, diagnostice, etc.). Cererea se analizeaza de c\\u0103tre conducerea ENET si, dupa caz, se poate aproba esalonarea debitului pe o anumita perioada de timp, dar nu mai mare de 24 luni. Plata esalonata a debitului nu conduce la stoparea facturarii majorarilor de \\u00eent\\u00e2rziere si presupune achitarea lunara a unei rate fixe,dupa achitarea cu prioritate a facturii curente,astfel incat sa nu se mai cumuleze debite noi. \\u00cen cazul \\u00een care cererea este aprobata, se \\u00eencheie o conventie de esalonare a debitului.\\u00a0Nerespectarea conventiei, prin \\u00eent\\u00e2rzierea la plata cu mai mult de doua luni, o anuleaza de drept si se vor continua formalitatile pentru recuperarea debitului pe cale judecatoreasca.<\\\/p>\"}},{\"@type\":\"Question\",\"name\":\"C\\u00e2nd tine Administratorul special audiente?\",\"acceptedAnswer\":{\"@type\":\"Answer\",\"text\":\"<p>Audientele se tin \\u00een fiecare zi, cu condi\\u0163ia ca solicitantul s\\u0103 sune la secretariatul societ\\u0103\\u0163ii pentru a stabili de comun acord data \\u015fi ora.<\\\/p>\"}},{\"@type\":\"Question\",\"name\":\"Cum se pot efectua plati la ENET?\",\"acceptedAnswer\":{\"@type\":\"Answer\",\"text\":\"<p><span style=\\\"font-family: arial,helvetica,sans-serif; font-size: small;\\\">Plata facturilor ENET se poate face \\u00een urmatoarele moduri:<\\\/span><\\\/p><ul><li><span style=\\\"font-family: arial,helvetica,sans-serif; font-size: small;\\\">la casieria societatii \\u00een numerar,(sume nelimitate persoane fizice si pentru sume pana la 5.000 lei pentru asociatii)<\\\/span><\\\/li><li><span style=\\\"font-family: arial,helvetica,sans-serif; font-size: small;\\\">la casieria societatii cu POS pentru persoane fizice<\\\/span><\\\/li><li><span style=\\\"font-family: arial,helvetica,sans-serif; font-size: small;\\\">prin virament bancar (persoanele fizice care au cont \\u00een banca pot \\u00eencheia o conventie cu banca respectiva si ENET va trimite factura bancii, care va achita la termen conform contractului, daca ati avut grija sa virati bani \\u00een cont)<\\\/span><\\\/li><li><span style=\\\"font-family: arial,helvetica,sans-serif; font-size: small;\\\">la punctele de incasare Zebra Pay -Self Pay<\\\/span><\\\/li><\\\/ul>\"}},{\"@type\":\"Question\",\"name\":\"Care este programul casieriei?\",\"acceptedAnswer\":{\"@type\":\"Answer\",\"text\":\"<p><span style=\\\"font-family: arial,helvetica,sans-serif; font-size: small;\\\">Programul casieriei ENET pe perioada verii este urmatorul:<\\\/span><\\\/p><p><span style=\\\"font-family: arial,helvetica,sans-serif; font-size: small;\\\">&#8211;\\u00a0\\u00a0 LUNI &#8211; VINERI = \\u00a08 &#8211; 18<\\\/span><\\\/p><p><span style=\\\"font-family: arial,helvetica,sans-serif; font-size: small;\\\">&#8211;\\u00a0\\u00a0 S\\u00c2MBATA = \\u00a08-13<\\\/span><\\\/p><p><span style=\\\"font-family: arial,helvetica,sans-serif; font-size: small;\\\">&#8211;\\u00a0\\u00a0 DUMINICA =\\u00a0 \\u00ceNCHIS<\\\/span><\\\/p>\"}},{\"@type\":\"Question\",\"name\":\"Care este suma maxim\\u0103 \\u00een numerar, ce se poate achita la casierie?\",\"acceptedAnswer\":{\"@type\":\"Answer\",\"text\":\"<p>Persoanele fizice pot achita sume in valoare maxima de 10.000 lei \\u00een numerar la casierie. Asocia\\u0163iile \\u015fi alte persoane juridice pot achita cu numerar cel mult 5.000 de lei, chiar \\u015fi din tran\\u015fe cumulate, dintr-o factur\\u0103 emis\\u0103 de ENET. Diferen\\u0163a din factur\\u0103 se poate achita prin depunerea numerarului \\u00een contul ENET la Banca Transilvania , pentru care banca nu percepe comision asocia\\u0163iilor sau\\u00a0 din contul asocia\\u0163iei \\u00een contul ENET, cu ordin de plat\\u0103 al asocia\\u0163iei \\u00een contul \\u00eenscris pe factur\\u0103.\\u00a0 \\u00a0\\u00a0<\\\/p>\"}},{\"@type\":\"Question\",\"name\":\"Care este contul ENET?\",\"acceptedAnswer\":{\"@type\":\"Answer\",\"text\":\"<p><span style=\\\"font-family: arial,helvetica,sans-serif; font-size: small;\\\"><strong>Contul unic al ENET este deschis la BTRL Focsani si numarul sau este urmatorul:<\\\/strong><\\\/span><strong><span style=\\\"font-size: small;\\\">\\u00a0\\u00a0<\\\/span><span style=\\\"font-size: small;\\\">\\u00a0\\u00a0\\u00a0\\u00a0\\u00a0\\u00a0\\u00a0<\\\/span><span style=\\\"font-size: small;\\\">\\u00a0 \\u00a0 \\u00a0 RO96BTRLRONCRT0V18178804<\\\/span><\\\/strong><\\\/p>\"}},{\"@type\":\"Question\",\"name\":\"Dac\\u0103 mai doresc \\u015fi alte informa\\u0163ii sau modele de documente, contracte etc. unde le pot g\\u0103si?\",\"acceptedAnswer\":{\"@type\":\"Answer\",\"text\":\"<div id=\\\"middle_left\\\"><div class=\\\"content\\\"><p>Pe siteul\\u00a0<a href=\\\"http:\\\/\\\/www.enetsa.ro\\\/\\\">www.enetsa.ro<\\\/a> sau la Rela\\u0163ii cu Clien\\u0163ii, \\u00een sediul Comercial din str.Cuza Vod\\u0103 nr.3, vis-a-vis de Tribunalul Vrancea, tel. 0237 612 000.\\u00a0<\\\/p><p>\\u00a0<\\\/p><\\\/div><\\\/div>\"}}]}<\/script>\n\t\t\t\t\t<\/div>\n\t\t\t\t<\/div>\n\t\t\t\t<\/div>\n\t\t\t\t\t<\/div>\n\t\t<\/div>\n\t\t\t\t\t\t\t<\/div>\n\t\t<\/section>\n\t\t\t\t\t\t\t<\/div>\n\t\t","protected":false},"excerpt":{"rendered":"<p>E\u0219alon\u0103ri debite \u0219i \u00eencas\u0103ri \u00cen ce conditii pot face o esalonare a debitului la ENET? Este necesara o cerere din partea solicitantului \u00een care acesta expune motivele pentru care s-a acumulat debitul, la care se anexeaza acte doveditoare privind situatia materiala a familiei (adeverinte de venit, cupoane de pensie, somaj, copie acte identitate coproprietari,etc), componenta [&hellip;]<\/p>\n","protected":false},"author":1,"featured_media":0,"parent":0,"menu_order":0,"comment_status":"closed","ping_status":"closed","template":"","meta":{"footnotes":""},"class_list":["post-303","page","type-page","status-publish","hentry"],"_links":{"self":[{"href":"https:\/\/www.enetsa.ro\/index.php\/wp-json\/wp\/v2\/pages\/303","targetHints":{"allow":["GET"]}}],"collection":[{"href":"https:\/\/www.enetsa.ro\/index.php\/wp-json\/wp\/v2\/pages"}],"about":[{"href":"https:\/\/www.enetsa.ro\/index.php\/wp-json\/wp\/v2\/types\/page"}],"author":[{"embeddable":true,"href":"https:\/\/www.enetsa.ro\/index.php\/wp-json\/wp\/v2\/users\/1"}],"replies":[{"embeddable":true,"href":"https:\/\/www.enetsa.ro\/index.php\/wp-json\/wp\/v2\/comments?post=303"}],"version-history":[{"count":7,"href":"https:\/\/www.enetsa.ro\/index.php\/wp-json\/wp\/v2\/pages\/303\/revisions"}],"predecessor-version":[{"id":336,"href":"https:\/\/www.enetsa.ro\/index.php\/wp-json\/wp\/v2\/pages\/303\/revisions\/336"}],"wp:attachment":[{"href":"https:\/\/www.enetsa.ro\/index.php\/wp-json\/wp\/v2\/media?parent=303"}],"curies":[{"name":"wp","href":"https:\/\/api.w.org\/{rel}","templated":true}]}}