{"id":301,"date":"2023-04-12T16:49:17","date_gmt":"2023-04-12T16:49:17","guid":{"rendered":"https:\/\/www.enetsa.ro\/?page_id=301"},"modified":"2023-04-12T17:33:48","modified_gmt":"2023-04-12T17:33:48","slug":"asociatii","status":"publish","type":"page","link":"https:\/\/www.enetsa.ro\/index.php\/asociatii\/","title":{"rendered":"Asocia\u021bii"},"content":{"rendered":"\t\t<div data-elementor-type=\"wp-page\" data-elementor-id=\"301\" class=\"elementor elementor-301\">\n\t\t\t\t\t\t\t\t\t<section class=\"elementor-section elementor-top-section elementor-element elementor-element-f5235ce elementor-section-boxed elementor-section-height-default elementor-section-height-default\" data-id=\"f5235ce\" data-element_type=\"section\">\n\t\t\t\t\t\t<div class=\"elementor-container elementor-column-gap-default\">\n\t\t\t\t\t<div class=\"elementor-column elementor-col-100 elementor-top-column elementor-element elementor-element-9d78774\" data-id=\"9d78774\" data-element_type=\"column\">\n\t\t\t<div class=\"elementor-widget-wrap elementor-element-populated\">\n\t\t\t\t\t\t\t\t<div class=\"elementor-element elementor-element-6fa67c3 elementor-widget elementor-widget-heading\" data-id=\"6fa67c3\" data-element_type=\"widget\" data-widget_type=\"heading.default\">\n\t\t\t\t<div class=\"elementor-widget-container\">\n\t\t\t<style>\/*! elementor - v3.12.1 - 02-04-2023 *\/\n.elementor-heading-title{padding:0;margin:0;line-height:1}.elementor-widget-heading .elementor-heading-title[class*=elementor-size-]>a{color:inherit;font-size:inherit;line-height:inherit}.elementor-widget-heading .elementor-heading-title.elementor-size-small{font-size:15px}.elementor-widget-heading .elementor-heading-title.elementor-size-medium{font-size:19px}.elementor-widget-heading .elementor-heading-title.elementor-size-large{font-size:29px}.elementor-widget-heading .elementor-heading-title.elementor-size-xl{font-size:39px}.elementor-widget-heading .elementor-heading-title.elementor-size-xxl{font-size:59px}<\/style><h2 class=\"elementor-heading-title elementor-size-default\">Asocia\u021bii<\/h2>\t\t<\/div>\n\t\t\t\t<\/div>\n\t\t\t\t\t<\/div>\n\t\t<\/div>\n\t\t\t\t\t\t\t<\/div>\n\t\t<\/section>\n\t\t\t\t<section class=\"elementor-section elementor-top-section elementor-element elementor-element-d229b44 elementor-section-boxed elementor-section-height-default elementor-section-height-default\" data-id=\"d229b44\" data-element_type=\"section\">\n\t\t\t\t\t\t<div class=\"elementor-container elementor-column-gap-default\">\n\t\t\t\t\t<div class=\"elementor-column elementor-col-100 elementor-top-column elementor-element elementor-element-133254b\" data-id=\"133254b\" data-element_type=\"column\">\n\t\t\t<div class=\"elementor-widget-wrap elementor-element-populated\">\n\t\t\t\t\t\t\t\t<div class=\"elementor-element elementor-element-f34724f elementor-widget elementor-widget-toggle\" data-id=\"f34724f\" data-element_type=\"widget\" data-widget_type=\"toggle.default\">\n\t\t\t\t<div class=\"elementor-widget-container\">\n\t\t\t<style>\/*! elementor - v3.12.1 - 02-04-2023 *\/\n.elementor-toggle{text-align:left}.elementor-toggle .elementor-tab-title{font-weight:700;line-height:1;margin:0;padding:15px;border-bottom:1px solid #d5d8dc;cursor:pointer;outline:none}.elementor-toggle .elementor-tab-title .elementor-toggle-icon{display:inline-block;width:1em}.elementor-toggle .elementor-tab-title .elementor-toggle-icon svg{-webkit-margin-start:-5px;margin-inline-start:-5px;width:1em;height:1em}.elementor-toggle .elementor-tab-title .elementor-toggle-icon.elementor-toggle-icon-right{float:right;text-align:right}.elementor-toggle .elementor-tab-title .elementor-toggle-icon.elementor-toggle-icon-left{float:left;text-align:left}.elementor-toggle .elementor-tab-title .elementor-toggle-icon .elementor-toggle-icon-closed{display:block}.elementor-toggle .elementor-tab-title .elementor-toggle-icon .elementor-toggle-icon-opened{display:none}.elementor-toggle .elementor-tab-title.elementor-active{border-bottom:none}.elementor-toggle .elementor-tab-title.elementor-active .elementor-toggle-icon-closed{display:none}.elementor-toggle .elementor-tab-title.elementor-active .elementor-toggle-icon-opened{display:block}.elementor-toggle .elementor-tab-content{padding:15px;border-bottom:1px solid #d5d8dc;display:none}@media (max-width:767px){.elementor-toggle .elementor-tab-title{padding:12px}.elementor-toggle .elementor-tab-content{padding:12px 10px}}.e-con-inner>.elementor-widget-toggle,.e-con>.elementor-widget-toggle{width:var(--container-widget-width);--flex-grow:var(--container-widget-flex-grow)}<\/style>\t\t<div class=\"elementor-toggle\" role=\"tablist\">\n\t\t\t\t\t\t\t<div class=\"elementor-toggle-item\">\n\t\t\t\t\t<div id=\"elementor-tab-title-2551\" class=\"elementor-tab-title\" data-tab=\"1\" role=\"tab\" aria-controls=\"elementor-tab-content-2551\" aria-expanded=\"false\">\n\t\t\t\t\t\t\t\t\t\t\t\t<span class=\"elementor-toggle-icon elementor-toggle-icon-left\" aria-hidden=\"true\">\n\t\t\t\t\t\t\t\t\t\t\t\t\t\t\t<span class=\"elementor-toggle-icon-closed\"><i class=\"fas fa-caret-square-down\"><\/i><\/span>\n\t\t\t\t\t\t\t\t<span class=\"elementor-toggle-icon-opened\"><i class=\"elementor-toggle-icon-opened fas fa-caret-square-up\"><\/i><\/span>\n\t\t\t\t\t\t\t\t\t\t\t\t\t<\/span>\n\t\t\t\t\t\t\t\t\t\t\t\t<a href=\"\" class=\"elementor-toggle-title\">Sunt nemultumit de prestatia administratorului. Pot sa platesc individual la casieria ENET?<\/a>\n\t\t\t\t\t<\/div>\n\n\t\t\t\t\t<div id=\"elementor-tab-content-2551\" class=\"elementor-tab-content elementor-clearfix\" data-tab=\"1\" role=\"tabpanel\" aria-labelledby=\"elementor-tab-title-2551\"><p>Se pot prelua \u00een facturare individuala \u015fi apartamente, dar preferabil este ca \u00eentreaga asociatie sau cel putin un bloc din cadrul asociatiei, s\u0103 treac\u0103 \u00een acest sistem, cu respectarea conditiilor , astfel \u00eenc\u00e2t s\u0103 nu apar\u0103 inechit\u0103\u0163i la \u00eemp\u0103r\u0163irea consumurilor \u00eentre asocia\u0163ie \u015fi individual.<br \/>ORD.ANRSC 483\/2008, art.13,(3):\u201cFiecare consumator cu care este \u00eencheiat\u0103 conven\u0163ie de facturare individual\u0103 va achita cv.sumelor de plat\u0103 cuprinse \u00een lista cu cheltuielile de \u00eentre\u0163inere prev\u0103zut\u0103 la alin.(2) direct furnizorului&#8221;<\/p><\/div>\n\t\t\t\t<\/div>\n\t\t\t\t\t\t\t<div class=\"elementor-toggle-item\">\n\t\t\t\t\t<div id=\"elementor-tab-title-2552\" class=\"elementor-tab-title\" data-tab=\"2\" role=\"tab\" aria-controls=\"elementor-tab-content-2552\" aria-expanded=\"false\">\n\t\t\t\t\t\t\t\t\t\t\t\t<span class=\"elementor-toggle-icon elementor-toggle-icon-left\" aria-hidden=\"true\">\n\t\t\t\t\t\t\t\t\t\t\t\t\t\t\t<span class=\"elementor-toggle-icon-closed\"><i class=\"fas fa-caret-square-down\"><\/i><\/span>\n\t\t\t\t\t\t\t\t<span class=\"elementor-toggle-icon-opened\"><i class=\"elementor-toggle-icon-opened fas fa-caret-square-up\"><\/i><\/span>\n\t\t\t\t\t\t\t\t\t\t\t\t\t<\/span>\n\t\t\t\t\t\t\t\t\t\t\t\t<a href=\"\" class=\"elementor-toggle-title\">Sunt in facturare pe asociatie ; pot sa aflu cum stabileste administratorul cheltuielile de intretinere?<\/a>\n\t\t\t\t\t<\/div>\n\n\t\t\t\t\t<div id=\"elementor-tab-content-2552\" class=\"elementor-tab-content elementor-clearfix\" data-tab=\"2\" role=\"tabpanel\" aria-labelledby=\"elementor-tab-title-2552\"><p>Da ; proprietarii au dreptul sa cunoasca toate aspectele ce tin de activitatea asociatiei si au acces, la cerere , la orice document al acesteia.\u00a0<\/p><p><span style=\"font-family: arial, helvetica, sans-serif; font-size: small;\"><strong>Modul de organizare \u0219i func\u021bionare al asocia\u021biilor de proprietari este reglementat de Legea nr. 196\/2018, intrat\u0103 \u00een vigoare spre finalul anului 2018.<\/strong>\u00a0Aceasta\u00a0a \u00eenlocuit vechea lege a asocia\u021biilor, Legea nr. 230\/2007<\/span>.<\/p><div align=\"justify\">Faceti adresa scrisa catre presedintele asociatiei, daca administratorul refuza sa va puna la dispozitie datele solicitate si daca si acesta va refuza sau nu se poate impune, e timpul sa vorbiti cu vecinii si daca au aceleasi probleme ca si dvs. sa convocati o adunare generala a asociatiei.<\/div><\/div>\n\t\t\t\t<\/div>\n\t\t\t\t\t\t\t<div class=\"elementor-toggle-item\">\n\t\t\t\t\t<div id=\"elementor-tab-title-2553\" class=\"elementor-tab-title\" data-tab=\"3\" role=\"tab\" aria-controls=\"elementor-tab-content-2553\" aria-expanded=\"false\">\n\t\t\t\t\t\t\t\t\t\t\t\t<span class=\"elementor-toggle-icon elementor-toggle-icon-left\" aria-hidden=\"true\">\n\t\t\t\t\t\t\t\t\t\t\t\t\t\t\t<span class=\"elementor-toggle-icon-closed\"><i class=\"fas fa-caret-square-down\"><\/i><\/span>\n\t\t\t\t\t\t\t\t<span class=\"elementor-toggle-icon-opened\"><i class=\"elementor-toggle-icon-opened fas fa-caret-square-up\"><\/i><\/span>\n\t\t\t\t\t\t\t\t\t\t\t\t\t<\/span>\n\t\t\t\t\t\t\t\t\t\t\t\t<a href=\"\" class=\"elementor-toggle-title\">Cine este reprezentantul legal al asociatiei de proprietari?<\/a>\n\t\t\t\t\t<\/div>\n\n\t\t\t\t\t<div id=\"elementor-tab-content-2553\" class=\"elementor-tab-content elementor-clearfix\" data-tab=\"3\" role=\"tabpanel\" aria-labelledby=\"elementor-tab-title-2553\"><p>Presedintele este cel care reprezinta asociatia de proprietari in derularea contractelor , isi asuma obligatii in numele acesteia si reprezinta asociatia in relatiile cu tertii ;Administratorul este\u00a0 un angajat al asociatiei.<\/p><\/div>\n\t\t\t\t<\/div>\n\t\t\t\t\t\t\t<div class=\"elementor-toggle-item\">\n\t\t\t\t\t<div id=\"elementor-tab-title-2554\" class=\"elementor-tab-title\" data-tab=\"4\" role=\"tab\" aria-controls=\"elementor-tab-content-2554\" aria-expanded=\"false\">\n\t\t\t\t\t\t\t\t\t\t\t\t<span class=\"elementor-toggle-icon elementor-toggle-icon-left\" aria-hidden=\"true\">\n\t\t\t\t\t\t\t\t\t\t\t\t\t\t\t<span class=\"elementor-toggle-icon-closed\"><i class=\"fas fa-caret-square-down\"><\/i><\/span>\n\t\t\t\t\t\t\t\t<span class=\"elementor-toggle-icon-opened\"><i class=\"elementor-toggle-icon-opened fas fa-caret-square-up\"><\/i><\/span>\n\t\t\t\t\t\t\t\t\t\t\t\t\t<\/span>\n\t\t\t\t\t\t\t\t\t\t\t\t<a href=\"\" class=\"elementor-toggle-title\">Cine poate ajuta si indruma asociatiile de proprietari in activitatea lor?<\/a>\n\t\t\t\t\t<\/div>\n\n\t\t\t\t\t<div id=\"elementor-tab-content-2554\" class=\"elementor-tab-content elementor-clearfix\" data-tab=\"4\" role=\"tabpanel\" aria-labelledby=\"elementor-tab-title-2554\"><p>Consiliul local al municipiului Focsani \u015fi Prim\u0103ria Foc\u015fani sprijina activitatea asociatiilor de proprietari pentru realizarea scopurilor si sarcinilor ce le revin;<\/p><\/div>\n\t\t\t\t<\/div>\n\t\t\t\t\t\t\t<div class=\"elementor-toggle-item\">\n\t\t\t\t\t<div id=\"elementor-tab-title-2555\" class=\"elementor-tab-title\" data-tab=\"5\" role=\"tab\" aria-controls=\"elementor-tab-content-2555\" aria-expanded=\"false\">\n\t\t\t\t\t\t\t\t\t\t\t\t<span class=\"elementor-toggle-icon elementor-toggle-icon-left\" aria-hidden=\"true\">\n\t\t\t\t\t\t\t\t\t\t\t\t\t\t\t<span class=\"elementor-toggle-icon-closed\"><i class=\"fas fa-caret-square-down\"><\/i><\/span>\n\t\t\t\t\t\t\t\t<span class=\"elementor-toggle-icon-opened\"><i class=\"elementor-toggle-icon-opened fas fa-caret-square-up\"><\/i><\/span>\n\t\t\t\t\t\t\t\t\t\t\t\t\t<\/span>\n\t\t\t\t\t\t\t\t\t\t\t\t<a href=\"\" class=\"elementor-toggle-title\">De ce trebuie sa angajam administrator dintre persoanele atestate de Primaria municipiului Focsani?<\/a>\n\t\t\t\t\t<\/div>\n\n\t\t\t\t\t<div id=\"elementor-tab-content-2555\" class=\"elementor-tab-content elementor-clearfix\" data-tab=\"5\" role=\"tabpanel\" aria-labelledby=\"elementor-tab-title-2555\"><p>Atestatul are drept scop certificarea calitatilor profesionale ale persoanelor care doresc sa practice activitatea de\u00a0 administrare a imobilelor la asociatiile de proprietari; (Adica, cel putin teoretic, riscurile sunt mai mici.<\/p><\/div>\n\t\t\t\t<\/div>\n\t\t\t\t\t\t\t<div class=\"elementor-toggle-item\">\n\t\t\t\t\t<div id=\"elementor-tab-title-2556\" class=\"elementor-tab-title\" data-tab=\"6\" role=\"tab\" aria-controls=\"elementor-tab-content-2556\" aria-expanded=\"false\">\n\t\t\t\t\t\t\t\t\t\t\t\t<span class=\"elementor-toggle-icon elementor-toggle-icon-left\" aria-hidden=\"true\">\n\t\t\t\t\t\t\t\t\t\t\t\t\t\t\t<span class=\"elementor-toggle-icon-closed\"><i class=\"fas fa-caret-square-down\"><\/i><\/span>\n\t\t\t\t\t\t\t\t<span class=\"elementor-toggle-icon-opened\"><i class=\"elementor-toggle-icon-opened fas fa-caret-square-up\"><\/i><\/span>\n\t\t\t\t\t\t\t\t\t\t\t\t\t<\/span>\n\t\t\t\t\t\t\t\t\t\t\t\t<a href=\"\" class=\"elementor-toggle-title\">Cine mai poate controla activitatea financiar contabila a asociatiilor de proprietari?<\/a>\n\t\t\t\t\t<\/div>\n\n\t\t\t\t\t<div id=\"elementor-tab-content-2556\" class=\"elementor-tab-content elementor-clearfix\" data-tab=\"6\" role=\"tabpanel\" aria-labelledby=\"elementor-tab-title-2556\"><p>Consiliul Local \u015fi Prim\u0103ria Focsani exercita controlul asupra activitatii financiar contabile din cadrul asociatiilor de proprietari , din oficiu ori la solicitarea unuia sau mai multor membri ai asociatiei de proprietari ; Daca aveti suspiciuni de frauda din banii asociatiei va puteti adresa cu o plangere si organelor in drept (Politie, Procuratura), cu conditia sa avezi si ceva dovezi, nu doar pareri.<\/p><\/div>\n\t\t\t\t<\/div>\n\t\t\t\t\t\t\t\t\t\t<script type=\"application\/ld+json\">{\"@context\":\"https:\\\/\\\/schema.org\",\"@type\":\"FAQPage\",\"mainEntity\":[{\"@type\":\"Question\",\"name\":\"Sunt nemultumit de prestatia administratorului. Pot sa platesc individual la casieria ENET?\",\"acceptedAnswer\":{\"@type\":\"Answer\",\"text\":\"<p>Se pot prelua \\u00een facturare individuala \\u015fi apartamente, dar preferabil este ca \\u00eentreaga asociatie sau cel putin un bloc din cadrul asociatiei, s\\u0103 treac\\u0103 \\u00een acest sistem, cu respectarea conditiilor , astfel \\u00eenc\\u00e2t s\\u0103 nu apar\\u0103 inechit\\u0103\\u0163i la \\u00eemp\\u0103r\\u0163irea consumurilor \\u00eentre asocia\\u0163ie \\u015fi individual.<br \\\/>ORD.ANRSC 483\\\/2008, art.13,(3):\\u201cFiecare consumator cu care este \\u00eencheiat\\u0103 conven\\u0163ie de facturare individual\\u0103 va achita cv.sumelor de plat\\u0103 cuprinse \\u00een lista cu cheltuielile de \\u00eentre\\u0163inere prev\\u0103zut\\u0103 la alin.(2) direct furnizorului&#8221;<\\\/p>\"}},{\"@type\":\"Question\",\"name\":\"Sunt in facturare pe asociatie ; pot sa aflu cum stabileste administratorul cheltuielile de intretinere?\",\"acceptedAnswer\":{\"@type\":\"Answer\",\"text\":\"<p>Da ; proprietarii au dreptul sa cunoasca toate aspectele ce tin de activitatea asociatiei si au acces, la cerere , la orice document al acesteia.\\u00a0<\\\/p><p><span style=\\\"font-family: arial, helvetica, sans-serif; font-size: small;\\\"><strong>Modul de organizare \\u0219i func\\u021bionare al asocia\\u021biilor de proprietari este reglementat de Legea nr. 196\\\/2018, intrat\\u0103 \\u00een vigoare spre finalul anului 2018.<\\\/strong>\\u00a0Aceasta\\u00a0a \\u00eenlocuit vechea lege a asocia\\u021biilor, Legea nr. 230\\\/2007<\\\/span>.<\\\/p><div align=\\\"justify\\\">Faceti adresa scrisa catre presedintele asociatiei, daca administratorul refuza sa va puna la dispozitie datele solicitate si daca si acesta va refuza sau nu se poate impune, e timpul sa vorbiti cu vecinii si daca au aceleasi probleme ca si dvs. sa convocati o adunare generala a asociatiei.<\\\/div>\"}},{\"@type\":\"Question\",\"name\":\"Cine este reprezentantul legal al asociatiei de proprietari?\",\"acceptedAnswer\":{\"@type\":\"Answer\",\"text\":\"<p>Presedintele este cel care reprezinta asociatia de proprietari in derularea contractelor , isi asuma obligatii in numele acesteia si reprezinta asociatia in relatiile cu tertii ;Administratorul este\\u00a0 un angajat al asociatiei.<\\\/p>\"}},{\"@type\":\"Question\",\"name\":\"Cine poate ajuta si indruma asociatiile de proprietari in activitatea lor?\",\"acceptedAnswer\":{\"@type\":\"Answer\",\"text\":\"<p>Consiliul local al municipiului Focsani \\u015fi Prim\\u0103ria Foc\\u015fani sprijina activitatea asociatiilor de proprietari pentru realizarea scopurilor si sarcinilor ce le revin;<\\\/p>\"}},{\"@type\":\"Question\",\"name\":\"De ce trebuie sa angajam administrator dintre persoanele atestate de Primaria municipiului Focsani?\",\"acceptedAnswer\":{\"@type\":\"Answer\",\"text\":\"<p>Atestatul are drept scop certificarea calitatilor profesionale ale persoanelor care doresc sa practice activitatea de\\u00a0 administrare a imobilelor la asociatiile de proprietari; (Adica, cel putin teoretic, riscurile sunt mai mici.<\\\/p>\"}},{\"@type\":\"Question\",\"name\":\"Cine mai poate controla activitatea financiar contabila a asociatiilor de proprietari?\",\"acceptedAnswer\":{\"@type\":\"Answer\",\"text\":\"<p>Consiliul Local \\u015fi Prim\\u0103ria Focsani exercita controlul asupra activitatii financiar contabile din cadrul asociatiilor de proprietari , din oficiu ori la solicitarea unuia sau mai multor membri ai asociatiei de proprietari ; Daca aveti suspiciuni de frauda din banii asociatiei va puteti adresa cu o plangere si organelor in drept (Politie, Procuratura), cu conditia sa avezi si ceva dovezi, nu doar pareri.<\\\/p>\"}}]}<\/script>\n\t\t\t\t\t<\/div>\n\t\t\t\t<\/div>\n\t\t\t\t<\/div>\n\t\t\t\t\t<\/div>\n\t\t<\/div>\n\t\t\t\t\t\t\t<\/div>\n\t\t<\/section>\n\t\t\t\t\t\t\t<\/div>\n\t\t","protected":false},"excerpt":{"rendered":"<p>Asocia\u021bii Sunt nemultumit de prestatia administratorului. Pot sa platesc individual la casieria ENET? Se pot prelua \u00een facturare individuala \u015fi apartamente, dar preferabil este ca \u00eentreaga asociatie sau cel putin un bloc din cadrul asociatiei, s\u0103 treac\u0103 \u00een acest sistem, cu respectarea conditiilor , astfel \u00eenc\u00e2t s\u0103 nu apar\u0103 inechit\u0103\u0163i la \u00eemp\u0103r\u0163irea consumurilor \u00eentre asocia\u0163ie [&hellip;]<\/p>\n","protected":false},"author":1,"featured_media":0,"parent":0,"menu_order":0,"comment_status":"closed","ping_status":"closed","template":"","meta":{"footnotes":""},"class_list":["post-301","page","type-page","status-publish","hentry"],"_links":{"self":[{"href":"https:\/\/www.enetsa.ro\/index.php\/wp-json\/wp\/v2\/pages\/301","targetHints":{"allow":["GET"]}}],"collection":[{"href":"https:\/\/www.enetsa.ro\/index.php\/wp-json\/wp\/v2\/pages"}],"about":[{"href":"https:\/\/www.enetsa.ro\/index.php\/wp-json\/wp\/v2\/types\/page"}],"author":[{"embeddable":true,"href":"https:\/\/www.enetsa.ro\/index.php\/wp-json\/wp\/v2\/users\/1"}],"replies":[{"embeddable":true,"href":"https:\/\/www.enetsa.ro\/index.php\/wp-json\/wp\/v2\/comments?post=301"}],"version-history":[{"count":4,"href":"https:\/\/www.enetsa.ro\/index.php\/wp-json\/wp\/v2\/pages\/301\/revisions"}],"predecessor-version":[{"id":329,"href":"https:\/\/www.enetsa.ro\/index.php\/wp-json\/wp\/v2\/pages\/301\/revisions\/329"}],"wp:attachment":[{"href":"https:\/\/www.enetsa.ro\/index.php\/wp-json\/wp\/v2\/media?parent=301"}],"curies":[{"name":"wp","href":"https:\/\/api.w.org\/{rel}","templated":true}]}}