{"id":287,"date":"2023-04-12T16:37:30","date_gmt":"2023-04-12T16:37:30","guid":{"rendered":"https:\/\/www.enetsa.ro\/?page_id=287"},"modified":"2023-04-12T16:45:08","modified_gmt":"2023-04-12T16:45:08","slug":"raspunsuri-utile","status":"publish","type":"page","link":"https:\/\/www.enetsa.ro\/index.php\/raspunsuri-utile\/","title":{"rendered":"R\u0103spunsuri utile"},"content":{"rendered":"\t\t<div data-elementor-type=\"wp-page\" data-elementor-id=\"287\" class=\"elementor elementor-287\">\n\t\t\t\t\t\t\t\t\t<section class=\"elementor-section elementor-top-section elementor-element elementor-element-2fddb7a elementor-section-boxed elementor-section-height-default elementor-section-height-default\" data-id=\"2fddb7a\" data-element_type=\"section\">\n\t\t\t\t\t\t<div class=\"elementor-container elementor-column-gap-default\">\n\t\t\t\t\t<div class=\"elementor-column elementor-col-100 elementor-top-column elementor-element elementor-element-bcfaafc\" data-id=\"bcfaafc\" data-element_type=\"column\">\n\t\t\t<div class=\"elementor-widget-wrap elementor-element-populated\">\n\t\t\t\t\t\t\t\t<div class=\"elementor-element elementor-element-a3d1885 elementor-widget elementor-widget-heading\" data-id=\"a3d1885\" data-element_type=\"widget\" data-widget_type=\"heading.default\">\n\t\t\t\t<div class=\"elementor-widget-container\">\n\t\t\t<style>\/*! elementor - v3.12.1 - 02-04-2023 *\/\n.elementor-heading-title{padding:0;margin:0;line-height:1}.elementor-widget-heading .elementor-heading-title[class*=elementor-size-]>a{color:inherit;font-size:inherit;line-height:inherit}.elementor-widget-heading .elementor-heading-title.elementor-size-small{font-size:15px}.elementor-widget-heading .elementor-heading-title.elementor-size-medium{font-size:19px}.elementor-widget-heading .elementor-heading-title.elementor-size-large{font-size:29px}.elementor-widget-heading .elementor-heading-title.elementor-size-xl{font-size:39px}.elementor-widget-heading .elementor-heading-title.elementor-size-xxl{font-size:59px}<\/style><h2 class=\"elementor-heading-title elementor-size-default\">R\u0103spusuri utile<\/h2>\t\t<\/div>\n\t\t\t\t<\/div>\n\t\t\t\t\t<\/div>\n\t\t<\/div>\n\t\t\t\t\t\t\t<\/div>\n\t\t<\/section>\n\t\t\t\t<section class=\"elementor-section elementor-top-section elementor-element elementor-element-067fe82 elementor-section-boxed elementor-section-height-default elementor-section-height-default\" data-id=\"067fe82\" data-element_type=\"section\">\n\t\t\t\t\t\t<div class=\"elementor-container elementor-column-gap-default\">\n\t\t\t\t\t<div class=\"elementor-column elementor-col-100 elementor-top-column elementor-element elementor-element-b2dc1e0\" data-id=\"b2dc1e0\" data-element_type=\"column\">\n\t\t\t<div class=\"elementor-widget-wrap elementor-element-populated\">\n\t\t\t\t\t\t\t\t<div class=\"elementor-element elementor-element-1911ced elementor-widget elementor-widget-text-editor\" data-id=\"1911ced\" data-element_type=\"widget\" data-widget_type=\"text-editor.default\">\n\t\t\t\t<div class=\"elementor-widget-container\">\n\t\t\t<style>\/*! elementor - v3.12.1 - 02-04-2023 *\/\n.elementor-widget-text-editor.elementor-drop-cap-view-stacked .elementor-drop-cap{background-color:#69727d;color:#fff}.elementor-widget-text-editor.elementor-drop-cap-view-framed .elementor-drop-cap{color:#69727d;border:3px solid;background-color:transparent}.elementor-widget-text-editor:not(.elementor-drop-cap-view-default) .elementor-drop-cap{margin-top:8px}.elementor-widget-text-editor:not(.elementor-drop-cap-view-default) .elementor-drop-cap-letter{width:1em;height:1em}.elementor-widget-text-editor .elementor-drop-cap{float:left;text-align:center;line-height:1;font-size:50px}.elementor-widget-text-editor .elementor-drop-cap-letter{display:inline-block}<\/style>\t\t\t\t<p>Aici g\u0103si\u021bi r\u0103spunsul pentru cele mai comune \u00eentreb\u0103ri legate de societatea noastr\u0103.<\/p><p>Sper\u0103m s\u0103 nu mai fie necesar s\u0103 trece\u021bi pe la sediile noastre comerciale, \u0219i s\u0103 afla\u021bi de acas\u0103 toate datele necesare rezolv\u0103rii problemelor dumneavoastr\u0103.<\/p><p>Dac\u0103 nu g\u0103si\u021bi ceea ce v\u0103 intereseaz\u0103, ne pute\u021bi contacta telefonic, prin e-mail, sau prin intermediul formularului de contact.<\/p>\t\t\t\t\t\t<\/div>\n\t\t\t\t<\/div>\n\t\t\t\t\t<\/div>\n\t\t<\/div>\n\t\t\t\t\t\t\t<\/div>\n\t\t<\/section>\n\t\t\t\t<section class=\"elementor-section elementor-top-section elementor-element elementor-element-4245ef3 elementor-section-boxed elementor-section-height-default elementor-section-height-default\" data-id=\"4245ef3\" data-element_type=\"section\">\n\t\t\t\t\t\t<div class=\"elementor-container elementor-column-gap-default\">\n\t\t\t\t\t<div class=\"elementor-column elementor-col-100 elementor-top-column elementor-element elementor-element-ca49109\" data-id=\"ca49109\" data-element_type=\"column\">\n\t\t\t<div class=\"elementor-widget-wrap elementor-element-populated\">\n\t\t\t\t\t\t\t\t<div class=\"elementor-element elementor-element-9988c56 elementor-widget elementor-widget-image\" data-id=\"9988c56\" data-element_type=\"widget\" data-widget_type=\"image.default\">\n\t\t\t\t<div class=\"elementor-widget-container\">\n\t\t\t<style>\/*! elementor - v3.12.1 - 02-04-2023 *\/\n.elementor-widget-image{text-align:center}.elementor-widget-image a{display:inline-block}.elementor-widget-image a img[src$=\".svg\"]{width:48px}.elementor-widget-image img{vertical-align:middle;display:inline-block}<\/style>\t\t\t\t\t\t\t\t\t\t\t\t<img loading=\"lazy\" decoding=\"async\" width=\"768\" height=\"448\" src=\"https:\/\/www.enetsa.ro\/wp-content\/uploads\/2023\/04\/enetsa-faq-768x448.webp\" class=\"attachment-medium_large size-medium_large wp-image-288\" alt=\"\" srcset=\"https:\/\/www.enetsa.ro\/wp-content\/uploads\/2023\/04\/enetsa-faq-768x448.webp 768w, https:\/\/www.enetsa.ro\/wp-content\/uploads\/2023\/04\/enetsa-faq-300x175.webp 300w, https:\/\/www.enetsa.ro\/wp-content\/uploads\/2023\/04\/enetsa-faq-1024x597.webp 1024w, https:\/\/www.enetsa.ro\/wp-content\/uploads\/2023\/04\/enetsa-faq.webp 1200w\" sizes=\"auto, (max-width: 768px) 100vw, 768px\" \/>\t\t\t\t\t\t\t\t\t\t\t\t\t\t\t<\/div>\n\t\t\t\t<\/div>\n\t\t\t\t\t<\/div>\n\t\t<\/div>\n\t\t\t\t\t\t\t<\/div>\n\t\t<\/section>\n\t\t\t\t\t\t\t<\/div>\n\t\t","protected":false},"excerpt":{"rendered":"<p>R\u0103spusuri utile Aici g\u0103si\u021bi r\u0103spunsul pentru cele mai comune \u00eentreb\u0103ri legate de societatea noastr\u0103. Sper\u0103m s\u0103 nu mai fie necesar s\u0103 trece\u021bi pe la sediile noastre comerciale, \u0219i s\u0103 afla\u021bi de acas\u0103 toate datele necesare rezolv\u0103rii problemelor dumneavoastr\u0103. Dac\u0103 nu g\u0103si\u021bi ceea ce v\u0103 intereseaz\u0103, ne pute\u021bi contacta telefonic, prin e-mail, sau prin intermediul formularului [&hellip;]<\/p>\n","protected":false},"author":1,"featured_media":0,"parent":0,"menu_order":0,"comment_status":"closed","ping_status":"closed","template":"","meta":{"footnotes":""},"class_list":["post-287","page","type-page","status-publish","hentry"],"_links":{"self":[{"href":"https:\/\/www.enetsa.ro\/index.php\/wp-json\/wp\/v2\/pages\/287","targetHints":{"allow":["GET"]}}],"collection":[{"href":"https:\/\/www.enetsa.ro\/index.php\/wp-json\/wp\/v2\/pages"}],"about":[{"href":"https:\/\/www.enetsa.ro\/index.php\/wp-json\/wp\/v2\/types\/page"}],"author":[{"embeddable":true,"href":"https:\/\/www.enetsa.ro\/index.php\/wp-json\/wp\/v2\/users\/1"}],"replies":[{"embeddable":true,"href":"https:\/\/www.enetsa.ro\/index.php\/wp-json\/wp\/v2\/comments?post=287"}],"version-history":[{"count":3,"href":"https:\/\/www.enetsa.ro\/index.php\/wp-json\/wp\/v2\/pages\/287\/revisions"}],"predecessor-version":[{"id":291,"href":"https:\/\/www.enetsa.ro\/index.php\/wp-json\/wp\/v2\/pages\/287\/revisions\/291"}],"wp:attachment":[{"href":"https:\/\/www.enetsa.ro\/index.php\/wp-json\/wp\/v2\/media?parent=287"}],"curies":[{"name":"wp","href":"https:\/\/api.w.org\/{rel}","templated":true}]}}