{"id":139,"date":"2023-04-11T17:56:31","date_gmt":"2023-04-11T17:56:31","guid":{"rendered":"https:\/\/www.enetsa.ro\/?page_id=139"},"modified":"2023-04-11T18:06:11","modified_gmt":"2023-04-11T18:06:11","slug":"pentru-viitor","status":"publish","type":"page","link":"https:\/\/www.enetsa.ro\/index.php\/pentru-viitor\/","title":{"rendered":"Pentru viitor"},"content":{"rendered":"\t\t<div data-elementor-type=\"wp-page\" data-elementor-id=\"139\" class=\"elementor elementor-139\">\n\t\t\t\t\t\t\t\t\t<section class=\"elementor-section elementor-top-section elementor-element elementor-element-c3e15f1 elementor-section-boxed elementor-section-height-default elementor-section-height-default\" data-id=\"c3e15f1\" data-element_type=\"section\">\n\t\t\t\t\t\t<div class=\"elementor-container elementor-column-gap-default\">\n\t\t\t\t\t<div class=\"elementor-column elementor-col-100 elementor-top-column elementor-element elementor-element-293670c\" data-id=\"293670c\" data-element_type=\"column\">\n\t\t\t<div class=\"elementor-widget-wrap elementor-element-populated\">\n\t\t\t\t\t\t\t\t<div class=\"elementor-element elementor-element-647063e elementor-widget elementor-widget-heading\" data-id=\"647063e\" data-element_type=\"widget\" data-widget_type=\"heading.default\">\n\t\t\t\t<div class=\"elementor-widget-container\">\n\t\t\t<style>\/*! elementor - v3.12.1 - 02-04-2023 *\/\n.elementor-heading-title{padding:0;margin:0;line-height:1}.elementor-widget-heading .elementor-heading-title[class*=elementor-size-]>a{color:inherit;font-size:inherit;line-height:inherit}.elementor-widget-heading .elementor-heading-title.elementor-size-small{font-size:15px}.elementor-widget-heading .elementor-heading-title.elementor-size-medium{font-size:19px}.elementor-widget-heading .elementor-heading-title.elementor-size-large{font-size:29px}.elementor-widget-heading .elementor-heading-title.elementor-size-xl{font-size:39px}.elementor-widget-heading .elementor-heading-title.elementor-size-xxl{font-size:59px}<\/style><h2 class=\"elementor-heading-title elementor-size-default\">Pentru viitor<\/h2>\t\t<\/div>\n\t\t\t\t<\/div>\n\t\t\t\t\t<\/div>\n\t\t<\/div>\n\t\t\t\t\t\t\t<\/div>\n\t\t<\/section>\n\t\t\t\t<section class=\"elementor-section elementor-top-section elementor-element elementor-element-513e291 elementor-section-boxed elementor-section-height-default elementor-section-height-default\" data-id=\"513e291\" data-element_type=\"section\">\n\t\t\t\t\t\t<div class=\"elementor-container elementor-column-gap-default\">\n\t\t\t\t\t<div class=\"elementor-column elementor-col-100 elementor-top-column elementor-element elementor-element-653b3a0\" data-id=\"653b3a0\" data-element_type=\"column\">\n\t\t\t<div class=\"elementor-widget-wrap elementor-element-populated\">\n\t\t\t\t\t\t\t\t<div class=\"elementor-element elementor-element-7316a58 elementor-widget elementor-widget-text-editor\" data-id=\"7316a58\" data-element_type=\"widget\" data-widget_type=\"text-editor.default\">\n\t\t\t\t<div class=\"elementor-widget-container\">\n\t\t\t<style>\/*! elementor - v3.12.1 - 02-04-2023 *\/\n.elementor-widget-text-editor.elementor-drop-cap-view-stacked .elementor-drop-cap{background-color:#69727d;color:#fff}.elementor-widget-text-editor.elementor-drop-cap-view-framed .elementor-drop-cap{color:#69727d;border:3px solid;background-color:transparent}.elementor-widget-text-editor:not(.elementor-drop-cap-view-default) .elementor-drop-cap{margin-top:8px}.elementor-widget-text-editor:not(.elementor-drop-cap-view-default) .elementor-drop-cap-letter{width:1em;height:1em}.elementor-widget-text-editor .elementor-drop-cap{float:left;text-align:center;line-height:1;font-size:50px}.elementor-widget-text-editor .elementor-drop-cap-letter{display:inline-block}<\/style>\t\t\t\t<p><strong>\u00ceN UNIUNEA EUROPEANA SE INCURAJEAZA COGENERAREA SI ENERGIA VERDE!<\/strong><\/p><p>Producem deja energia \u00eentr-o centrala moderna, cum vezi \u015fi prin Europa Occidentala, automatizata aproape complet. Am dori si o alternativa ECO, o centrala noua care sa furnizeze energie din surse regenerabile.<\/p><p>Dorim sa livram, cat mai curand, \u00een tot municipiul, prin retele preizolate, din polipropilena, cu asigurarea recircularii apei calde, astfel \u00eenc\u00e2t sa nu se mai piarda energie termica \u00een transport si distributie, iar apa calda sa curga de la prima rasucire a robinetului.<\/p><p>Am dori un Dispecerat modern, automatizat, care sa supravegheze retelele si punctele termice printr-un sistem de avertizare electronica a situatiilor de avarie sau consum nejustificat. Sa citim to\u0163i contorii fara sa deranjam pe nimeni, cu ajutorul unor cititori electronici, pe care-i poti folosi dintr-o masina \u00een mers si prin care poti transmite datele \u00een timp real catre computerele care utilizeaza softuri de ultima generatie pentru \u00eenregistrarea consumurilor lunare.Sa comunicam dintr-un centru Comercial modern, \u00een care solicitarile clientilor s-ar putea prelua si rezolva complet on-line, proprietarii si-ar putea vedea debitul de acasa, tast\u00e2nd doar o parola si ar face platile prin card, direct conectati la aplicatia informatica de gestionare a clientilor!<\/p><p>Ne dorim un oras curat, modern, nepoluat, \u00een care sa poti tine fereastra deschisa fara sa-ti intre \u00een sufragerie gazul ars, dovedit cancerigen de catre specialistii in sanatate, gaz emis in fiecare zi de centrala vecinului, chiar daca el nu stie cat e de periculos.Un bloc \u00een care sa merite sa-ti cresti copiii fara grija ca vecinul ar putea uita sa verifice functionarea centralei pe gaz, asa cum uita si sa-si repare tevile din baie, dar cu riscuri mai mari.<\/p><p>Am vrea o comunitate unita, care-si dezbate si rezolva problemele \u00een mod civilizat, fiecare implic\u00e2ndu-se activ \u00een constructia unui viitor curat, verde si durabil, care nu doar critica, ci si propune solutii.<\/p><p>Stim ca toate acestea trebuiau sa se fi \u00eent\u00e2mplat deja, dar Rom\u00e2nia nu este \u00eenca tara tuturor posibilitatilor.<\/p><p>Comunitatea locala a facut primii pasi pe acest drum al \u00eemplinirii viitorului, printr-un proiect cu fonduri europene :<br \/><strong>&#8220;Reabilitarea sistemului de termoficare urbana la nivelul municipiului Focsani pentru perioada 2009-2028, \u00een scopul conformarii la legislatia de mediu si cresterii eficientei energetice&#8221;.<\/strong><\/p><p>Obiectivul specific al proiectului consta \u00een stabilirea investitiilor necesare masurilor de restructurare si reabilitare a sistemului de alimentare centralizata cu energie termica din municipiul Focsani, care sa asigure conformarea \u2013 la cel mai mic cost \u2013 cu obligatiile de mediu stabilite prin Tratatul de Aderare, precum si cu obiectivele strategiilor si programelor nationale relevante pentru mediu (cresterea eficientei energetice, reducerea emisiilor de gaze cu efect de sera, cresterea calitatii serviciului public de alimentare cu energie termica la tarife suportabile pentru populatie).Aceasta \u00eenseamna modernizarea CET si a retelelor de transport si distributie a energiei.<\/p><p>Perioada de referinta este de 22 ani, respectiv 2 ani pentru realizarea investitiei (2010-2011) si 20 ani perioada de exploatare (2012-2031).<\/p><p>Obiectivul general al proiectuluiil reprezint\u0103 : &#8220;Reducerea impactului negativ al emisiilor poluante \u0219i minimizarea efectelor schimb\u0103rilor climatice cauzate de sistemul centralizat de alimentare cu energie termic\u0103 \u00een scopul \u00eembun\u0103t\u0103\u021birii st\u0103rii de s\u0103n\u0103tate a popula\u021biei \u00een Foc\u0219ani la nivelul anului 2014 \u0219i asigur\u0103rii conform\u0103rii cu obliga\u021biile de Mediu stabilite prin Tratatul de Aderare&#8221;.<\/p><p>Obiectivele specifice ale proiectului sunt:<\/p><ul><li>Reducerea poluarii aerului (reducerea emisiilor de NOx) generate de sistemul centralizat de alimentare cu energie termic\u0103 prin introducerea BAT;<\/li><li>Introducerea m\u0103surilor de eficien\u021b\u0103 energetic\u0103 \u00een scopul reducerii pierderilor de energie la nivelul sursei \u0219i \u00een sistemul de transport \u0219i distribu\u021bie a energiei termice;<\/li><li>Asigurarea accesului la serviciul public de alimentare cu energie termic\u0103 la pre\u021buri suportabile \u00een special pentru categoriile de popula\u021bie cu venituri mici.<\/li><\/ul><p>Prin aplicarea unor tehnologii performante \u0219i prin reabilitarea re\u021belelor (\u00een vederea elimin\u0103rii pierderilor), vom oferi cet\u0103\u021benilor nu doar servicii superioare de asigurare a c\u0103ldurii \u0219i apei calde, la pre\u021buri competitive, dar vom asigura pentru to\u021bi locuitorii \u0219i vizitatorii municipiului Foc\u0219ani un aer mai curat \u0219i, deci, reducerea emisiilor nocive \u00een atmosfer\u0103. Noua central\u0103 func\u021bioneaz\u0103 cu motoare termice Rolls Royce de \u00eenalt\u0103 tehnologie, asigur\u00e2nd at\u00e2t cre\u0219terea eficien\u021bei c\u00e2t \u0219i conformarea la cerin\u021bele de mediu. De asemenea, s-au reabilitat instala\u021biile auxiliare absolut necesare pentru func\u021bionare pentru servicii interne, instala\u021bii termomecanice auxiliare, compresoare de gaze, reechipare \u0219i reabilitare sta\u021bie electric\u0103 \u0219i camer\u0103 de comand\u0103, echipamentele pentru sistemul de demineralizare a apei \u0219i instala\u021bia de tratare ape uzate.<\/p><p><strong>b. Punctele termice<\/strong><\/p><p>S-au derulat lucr\u0103ri de reabilitare \u0219i modernizare a punctelor termice din zona Sud \u0219i zona centru.<\/p><p><strong>c. Reabilitarea \u015fi modernizarea re\u0163elelor de transport \u015fi distribu\u0163ie<\/strong><\/p><p>Principalele lucr\u0103ri constau \u00een \u00eenlocuirea conductelor vechi, procurarea \u015fi montarea conductelor preizolate pentru transportul si distribu\u0163ia energiei termice astfel:-<\/p><ul><li>Re\u021bele de transport : 4.425 m<\/li><li>Re\u021bele de distribu\u021bie : 10.487 m<\/li><\/ul>\t\t\t\t\t\t<\/div>\n\t\t\t\t<\/div>\n\t\t\t\t\t<\/div>\n\t\t<\/div>\n\t\t\t\t\t\t\t<\/div>\n\t\t<\/section>\n\t\t\t\t<section class=\"elementor-section elementor-top-section elementor-element elementor-element-68a46ca elementor-section-boxed elementor-section-height-default elementor-section-height-default\" data-id=\"68a46ca\" data-element_type=\"section\">\n\t\t\t\t\t\t<div class=\"elementor-container elementor-column-gap-default\">\n\t\t\t\t\t<div class=\"elementor-column elementor-col-100 elementor-top-column elementor-element elementor-element-0767e64\" data-id=\"0767e64\" data-element_type=\"column\">\n\t\t\t<div class=\"elementor-widget-wrap elementor-element-populated\">\n\t\t\t\t\t\t\t\t<div class=\"elementor-element elementor-element-ac79dec elementor-widget elementor-widget-image\" data-id=\"ac79dec\" data-element_type=\"widget\" data-widget_type=\"image.default\">\n\t\t\t\t<div class=\"elementor-widget-container\">\n\t\t\t<style>\/*! elementor - v3.12.1 - 02-04-2023 *\/\n.elementor-widget-image{text-align:center}.elementor-widget-image a{display:inline-block}.elementor-widget-image a img[src$=\".svg\"]{width:48px}.elementor-widget-image img{vertical-align:middle;display:inline-block}<\/style>\t\t\t\t\t\t\t\t\t\t\t\t<img loading=\"lazy\" decoding=\"async\" width=\"650\" height=\"421\" src=\"https:\/\/www.enetsa.ro\/wp-content\/uploads\/2023\/04\/enetsa-pentru-viitor.jpg\" class=\"attachment-medium_large size-medium_large wp-image-145\" alt=\"\" srcset=\"https:\/\/www.enetsa.ro\/wp-content\/uploads\/2023\/04\/enetsa-pentru-viitor.jpg 650w, https:\/\/www.enetsa.ro\/wp-content\/uploads\/2023\/04\/enetsa-pentru-viitor-300x194.jpg 300w\" sizes=\"auto, (max-width: 650px) 100vw, 650px\" \/>\t\t\t\t\t\t\t\t\t\t\t\t\t\t\t<\/div>\n\t\t\t\t<\/div>\n\t\t\t\t\t<\/div>\n\t\t<\/div>\n\t\t\t\t\t\t\t<\/div>\n\t\t<\/section>\n\t\t\t\t\t\t\t<\/div>\n\t\t","protected":false},"excerpt":{"rendered":"<p>Pentru viitor \u00ceN UNIUNEA EUROPEANA SE INCURAJEAZA COGENERAREA SI ENERGIA VERDE! Producem deja energia \u00eentr-o centrala moderna, cum vezi \u015fi prin Europa Occidentala, automatizata aproape complet. Am dori si o alternativa ECO, o centrala noua care sa furnizeze energie din surse regenerabile. Dorim sa livram, cat mai curand, \u00een tot municipiul, prin retele preizolate, din [&hellip;]<\/p>\n","protected":false},"author":1,"featured_media":0,"parent":0,"menu_order":0,"comment_status":"closed","ping_status":"closed","template":"","meta":{"footnotes":""},"class_list":["post-139","page","type-page","status-publish","hentry"],"_links":{"self":[{"href":"https:\/\/www.enetsa.ro\/index.php\/wp-json\/wp\/v2\/pages\/139","targetHints":{"allow":["GET"]}}],"collection":[{"href":"https:\/\/www.enetsa.ro\/index.php\/wp-json\/wp\/v2\/pages"}],"about":[{"href":"https:\/\/www.enetsa.ro\/index.php\/wp-json\/wp\/v2\/types\/page"}],"author":[{"embeddable":true,"href":"https:\/\/www.enetsa.ro\/index.php\/wp-json\/wp\/v2\/users\/1"}],"replies":[{"embeddable":true,"href":"https:\/\/www.enetsa.ro\/index.php\/wp-json\/wp\/v2\/comments?post=139"}],"version-history":[{"count":7,"href":"https:\/\/www.enetsa.ro\/index.php\/wp-json\/wp\/v2\/pages\/139\/revisions"}],"predecessor-version":[{"id":148,"href":"https:\/\/www.enetsa.ro\/index.php\/wp-json\/wp\/v2\/pages\/139\/revisions\/148"}],"wp:attachment":[{"href":"https:\/\/www.enetsa.ro\/index.php\/wp-json\/wp\/v2\/media?parent=139"}],"curies":[{"name":"wp","href":"https:\/\/api.w.org\/{rel}","templated":true}]}}